{"id":12,"date":"2023-02-14T14:38:03","date_gmt":"2023-02-14T13:38:03","guid":{"rendered":"https:\/\/salted.at\/salted-communicationa\/?page_id=12"},"modified":"2023-06-27T15:12:25","modified_gmt":"2023-06-27T13:12:25","slug":"impressum","status":"publish","type":"page","link":"https:\/\/salted.at\/salted-communicationa\/impressum\/","title":{"rendered":"Impressum"},"content":{"rendered":"\t\t<div data-elementor-type=\"wp-page\" data-elementor-id=\"12\" class=\"elementor elementor-12\">\n\t\t\t\t\t\t\t<div class=\"elementor-element elementor-element-04a2eec e-con-boxed e-flex e-con\" data-id=\"04a2eec\" data-element_type=\"container\" data-settings=\"{&quot;jet_parallax_layout_list&quot;:[],&quot;content_width&quot;:&quot;boxed&quot;}\">\n\t\t\t\t\t<div class=\"e-con-inner\">\n\t\t\t\t<div class=\"elementor-element elementor-element-587b694 elementor-widget elementor-widget-heading\" data-id=\"587b694\" data-element_type=\"widget\" data-widget_type=\"heading.default\">\n\t\t\t\t<div class=\"elementor-widget-container\">\n\t\t\t<style>\/*! elementor - v3.13.3 - 22-05-2023 *\/\n.elementor-heading-title{padding:0;margin:0;line-height:1}.elementor-widget-heading .elementor-heading-title[class*=elementor-size-]>a{color:inherit;font-size:inherit;line-height:inherit}.elementor-widget-heading .elementor-heading-title.elementor-size-small{font-size:15px}.elementor-widget-heading .elementor-heading-title.elementor-size-medium{font-size:19px}.elementor-widget-heading .elementor-heading-title.elementor-size-large{font-size:29px}.elementor-widget-heading .elementor-heading-title.elementor-size-xl{font-size:39px}.elementor-widget-heading .elementor-heading-title.elementor-size-xxl{font-size:59px}<\/style><h2 class=\"elementor-heading-title elementor-size-default\">IMPRESSUM<\/h2>\t\t<\/div>\n\t\t\t\t<\/div>\n\t\t\t\t\t<\/div>\n\t\t\t\t<\/div>\n\t\t<div class=\"elementor-element elementor-element-2873fb6 e-con-boxed e-flex e-con\" data-id=\"2873fb6\" data-element_type=\"container\" data-settings=\"{&quot;jet_parallax_layout_list&quot;:[],&quot;content_width&quot;:&quot;boxed&quot;}\">\n\t\t\t\t\t<div class=\"e-con-inner\">\n\t\t\t\t<div class=\"elementor-element elementor-element-4399cca elementor-widget elementor-widget-text-editor\" data-id=\"4399cca\" data-element_type=\"widget\" data-widget_type=\"text-editor.default\">\n\t\t\t\t<div class=\"elementor-widget-container\">\n\t\t\t<style>\/*! elementor - v3.13.3 - 22-05-2023 *\/\n.elementor-widget-text-editor.elementor-drop-cap-view-stacked .elementor-drop-cap{background-color:#69727d;color:#fff}.elementor-widget-text-editor.elementor-drop-cap-view-framed .elementor-drop-cap{color:#69727d;border:3px solid;background-color:transparent}.elementor-widget-text-editor:not(.elementor-drop-cap-view-default) .elementor-drop-cap{margin-top:8px}.elementor-widget-text-editor:not(.elementor-drop-cap-view-default) .elementor-drop-cap-letter{width:1em;height:1em}.elementor-widget-text-editor .elementor-drop-cap{float:left;text-align:center;line-height:1;font-size:50px}.elementor-widget-text-editor .elementor-drop-cap-letter{display:inline-block}<\/style>\t\t\t\t<p>Firmenwortlaut: LP Immobilien GmbH<\/p><p>Gesch\u00e4ftsf\u00fchrer: Ing. Walter Lindinger-Pesendorfer<\/p><p>Gesch\u00e4ftsf\u00fchrer: Michael Lindinger-Pesendorfer, BSc<\/p><p>UID-Nr: ATU67026666<\/p><p>Firmenbuchnummer: FN 375334 m<\/p><p>Firmenbuchgericht: Landesgericht Linz<\/p><p>Firmensitz: 4040 Linz, Bl\u00fctenstra\u00dfe 11<\/p><p>Tel.: 0732 29 99 27<\/p><p>E-Mail: mail@lp.immo<\/p><p>\u00a0<\/p><p>Firmenwortlaut: LP Bautr\u00e4ger GmbH<\/p><p>Gesch\u00e4ftsf\u00fchrer: Ing. Walter Lindinger-Pesendorfer<\/p><p>UID-Nr: ATU72206828<\/p><p>Firmenbuchnummer: FN 468686 m<\/p><p>Firmenbuchgericht: Landesgericht Linz<\/p><p>Firmensitz: 4040 Linz, Bl\u00fctenstra\u00dfe 11<\/p><p>Tel.: 0732 29 99 27<\/p><p>E-Mail: mail@lp.immo<\/p><p>\u00a0<\/p><p>Firmenwortlaut: Ing. Walter Lindinger-Pesendorfer<\/p><p>UID-Nr: ATU59298325<\/p><p>Firmensitz: 4040 Linz, Bl\u00fctenstra\u00dfe 11<\/p><p>Tel.: 0732 29 99 27<\/p><p>E-Mail: mail@lp.immo<\/p><p>\u00a0<\/p><p>\u00a0<\/p><p>\u00a0<\/p>\t\t\t\t\t\t<\/div>\n\t\t\t\t<\/div>\n\t\t\t\t\t<\/div>\n\t\t\t\t<\/div>\n\t\t\t\t\t\t\t<\/div>\n\t\t","protected":false},"excerpt":{"rendered":"<p>IMPRESSUM Firmenwortlaut: LP Immobilien GmbH Gesch\u00e4ftsf\u00fchrer: Ing. Walter Lindinger-Pesendorfer Gesch\u00e4ftsf\u00fchrer: Michael Lindinger-Pesendorfer, BSc UID-Nr: ATU67026666 Firmenbuchnummer: FN 375334 m Firmenbuchgericht: Landesgericht Linz Firmensitz: 4040 Linz, Bl\u00fctenstra\u00dfe 11 Tel.: 0732 29 99 27 E-Mail: mail@lp.immo \u00a0 Firmenwortlaut: LP Bautr\u00e4ger GmbH Gesch\u00e4ftsf\u00fchrer: Ing. Walter Lindinger-Pesendorfer UID-Nr: ATU72206828 Firmenbuchnummer: FN 468686 m Firmenbuchgericht: Landesgericht Linz Firmensitz: 4040 Linz, [&hellip;]<\/p>\n","protected":false},"author":2,"featured_media":0,"parent":0,"menu_order":0,"comment_status":"closed","ping_status":"closed","template":"","meta":[],"yoast_head":"<!-- This site is optimized with the Yoast SEO plugin v20.8 - https:\/\/yoast.com\/wordpress\/plugins\/seo\/ -->\n<title>Impressum - Lindinger-Pesendorfer Immobilien<\/title>\n<meta name=\"robots\" content=\"noindex, follow, max-snippet:-1, max-image-preview:large, max-video-preview:-1\" \/>\n<meta property=\"og:locale\" content=\"de_DE\" \/>\n<meta property=\"og:type\" content=\"article\" \/>\n<meta property=\"og:title\" content=\"Impressum - Lindinger-Pesendorfer Immobilien\" \/>\n<meta property=\"og:description\" content=\"IMPRESSUM Firmenwortlaut: LP Immobilien GmbH Gesch\u00e4ftsf\u00fchrer: Ing. Walter Lindinger-Pesendorfer Gesch\u00e4ftsf\u00fchrer: Michael Lindinger-Pesendorfer, BSc UID-Nr: ATU67026666 Firmenbuchnummer: FN 375334 m Firmenbuchgericht: Landesgericht Linz Firmensitz: 4040 Linz, Bl\u00fctenstra\u00dfe 11 Tel.: 0732 29 99 27 E-Mail: mail@lp.immo \u00a0 Firmenwortlaut: LP Bautr\u00e4ger GmbH Gesch\u00e4ftsf\u00fchrer: Ing. Walter Lindinger-Pesendorfer UID-Nr: ATU72206828 Firmenbuchnummer: FN 468686 m Firmenbuchgericht: Landesgericht Linz Firmensitz: 4040 Linz, [&hellip;]\" \/>\n<meta property=\"og:url\" content=\"https:\/\/salted.at\/salted-communicationa\/impressum\/\" \/>\n<meta property=\"og:site_name\" content=\"Lindinger-Pesendorfer Immobilien\" \/>\n<meta property=\"article:modified_time\" content=\"2023-06-27T13:12:25+00:00\" \/>\n<meta name=\"twitter:card\" content=\"summary_large_image\" \/>\n<meta name=\"twitter:label1\" content=\"Gesch\u00e4tzte Lesezeit\" \/>\n\t<meta name=\"twitter:data1\" content=\"1\u00a0Minute\" \/>\n<script type=\"application\/ld+json\" class=\"yoast-schema-graph\">{\"@context\":\"https:\/\/schema.org\",\"@graph\":[{\"@type\":\"WebPage\",\"@id\":\"https:\/\/salted.at\/salted-communicationa\/impressum\/\",\"url\":\"https:\/\/salted.at\/salted-communicationa\/impressum\/\",\"name\":\"Impressum - Lindinger-Pesendorfer Immobilien\",\"isPartOf\":{\"@id\":\"https:\/\/salted.at\/salted.at\/salted.at\/#website\"},\"datePublished\":\"2023-02-14T13:38:03+00:00\",\"dateModified\":\"2023-06-27T13:12:25+00:00\",\"breadcrumb\":{\"@id\":\"https:\/\/salted.at\/salted-communicationa\/impressum\/#breadcrumb\"},\"inLanguage\":\"de\",\"potentialAction\":[{\"@type\":\"ReadAction\",\"target\":[\"https:\/\/salted.at\/salted-communicationa\/impressum\/\"]}]},{\"@type\":\"BreadcrumbList\",\"@id\":\"https:\/\/salted.at\/salted-communicationa\/impressum\/#breadcrumb\",\"itemListElement\":[{\"@type\":\"ListItem\",\"position\":1,\"name\":\"Startseite\",\"item\":\"https:\/\/salted.at\/salted-communicationa\/\"},{\"@type\":\"ListItem\",\"position\":2,\"name\":\"Impressum\"}]},{\"@type\":\"WebSite\",\"@id\":\"https:\/\/salted.at\/salted.at\/salted.at\/#website\",\"url\":\"https:\/\/salted.at\/salted.at\/salted.at\/\",\"name\":\"Lindinger-Pesendorfer Immobilien\",\"description\":\"\",\"potentialAction\":[{\"@type\":\"SearchAction\",\"target\":{\"@type\":\"EntryPoint\",\"urlTemplate\":\"https:\/\/salted.at\/salted.at\/salted.at\/?s={search_term_string}\"},\"query-input\":\"required name=search_term_string\"}],\"inLanguage\":\"de\"}]}<\/script>\n<!-- \/ Yoast SEO plugin. -->","yoast_head_json":{"title":"Impressum - Lindinger-Pesendorfer Immobilien","robots":{"index":"noindex","follow":"follow","max-snippet":"max-snippet:-1","max-image-preview":"max-image-preview:large","max-video-preview":"max-video-preview:-1"},"og_locale":"de_DE","og_type":"article","og_title":"Impressum - Lindinger-Pesendorfer Immobilien","og_description":"IMPRESSUM Firmenwortlaut: LP Immobilien GmbH Gesch\u00e4ftsf\u00fchrer: Ing. Walter Lindinger-Pesendorfer Gesch\u00e4ftsf\u00fchrer: Michael Lindinger-Pesendorfer, BSc UID-Nr: ATU67026666 Firmenbuchnummer: FN 375334 m Firmenbuchgericht: Landesgericht Linz Firmensitz: 4040 Linz, Bl\u00fctenstra\u00dfe 11 Tel.: 0732 29 99 27 E-Mail: mail@lp.immo \u00a0 Firmenwortlaut: LP Bautr\u00e4ger GmbH Gesch\u00e4ftsf\u00fchrer: Ing. Walter Lindinger-Pesendorfer UID-Nr: ATU72206828 Firmenbuchnummer: FN 468686 m Firmenbuchgericht: Landesgericht Linz Firmensitz: 4040 Linz, [&hellip;]","og_url":"https:\/\/salted.at\/salted-communicationa\/impressum\/","og_site_name":"Lindinger-Pesendorfer Immobilien","article_modified_time":"2023-06-27T13:12:25+00:00","twitter_card":"summary_large_image","twitter_misc":{"Gesch\u00e4tzte Lesezeit":"1\u00a0Minute"},"schema":{"@context":"https:\/\/schema.org","@graph":[{"@type":"WebPage","@id":"https:\/\/salted.at\/salted-communicationa\/impressum\/","url":"https:\/\/salted.at\/salted-communicationa\/impressum\/","name":"Impressum - Lindinger-Pesendorfer Immobilien","isPartOf":{"@id":"https:\/\/salted.at\/salted.at\/salted.at\/#website"},"datePublished":"2023-02-14T13:38:03+00:00","dateModified":"2023-06-27T13:12:25+00:00","breadcrumb":{"@id":"https:\/\/salted.at\/salted-communicationa\/impressum\/#breadcrumb"},"inLanguage":"de","potentialAction":[{"@type":"ReadAction","target":["https:\/\/salted.at\/salted-communicationa\/impressum\/"]}]},{"@type":"BreadcrumbList","@id":"https:\/\/salted.at\/salted-communicationa\/impressum\/#breadcrumb","itemListElement":[{"@type":"ListItem","position":1,"name":"Startseite","item":"https:\/\/salted.at\/salted-communicationa\/"},{"@type":"ListItem","position":2,"name":"Impressum"}]},{"@type":"WebSite","@id":"https:\/\/salted.at\/salted.at\/salted.at\/#website","url":"https:\/\/salted.at\/salted.at\/salted.at\/","name":"Lindinger-Pesendorfer Immobilien","description":"","potentialAction":[{"@type":"SearchAction","target":{"@type":"EntryPoint","urlTemplate":"https:\/\/salted.at\/salted.at\/salted.at\/?s={search_term_string}"},"query-input":"required name=search_term_string"}],"inLanguage":"de"}]}},"_links":{"self":[{"href":"https:\/\/salted.at\/salted-communicationa\/wp-json\/wp\/v2\/pages\/12"}],"collection":[{"href":"https:\/\/salted.at\/salted-communicationa\/wp-json\/wp\/v2\/pages"}],"about":[{"href":"https:\/\/salted.at\/salted-communicationa\/wp-json\/wp\/v2\/types\/page"}],"author":[{"embeddable":true,"href":"https:\/\/salted.at\/salted-communicationa\/wp-json\/wp\/v2\/users\/2"}],"replies":[{"embeddable":true,"href":"https:\/\/salted.at\/salted-communicationa\/wp-json\/wp\/v2\/comments?post=12"}],"version-history":[{"count":10,"href":"https:\/\/salted.at\/salted-communicationa\/wp-json\/wp\/v2\/pages\/12\/revisions"}],"predecessor-version":[{"id":806,"href":"https:\/\/salted.at\/salted-communicationa\/wp-json\/wp\/v2\/pages\/12\/revisions\/806"}],"wp:attachment":[{"href":"https:\/\/salted.at\/salted-communicationa\/wp-json\/wp\/v2\/media?parent=12"}],"curies":[{"name":"wp","href":"https:\/\/api.w.org\/{rel}","templated":true}]}}